{"id":14,"date":"2025-03-12T09:11:47","date_gmt":"2025-03-12T08:11:47","guid":{"rendered":"http:\/\/doc.clariprint.fr\/?page_id=14"},"modified":"2025-03-12T09:12:40","modified_gmt":"2025-03-12T08:12:40","slug":"clariprintjsonapi","status":"publish","type":"page","link":"https:\/\/doc.clariprint.fr\/index.php\/clariprintjsonapi\/","title":{"rendered":"Clariprint Json API"},"content":{"rendered":"<h2>Listes utilis\u00e9es<\/h2>\n<p>* [JsonVarnish Vernis]<br \/>\n* [JsonFold Pliage]<br \/>\n* [JsonFolderDie Formes de d\u00e9coupe]<\/p>\n<h2>Structure d&rsquo;une requ\u00eate<\/h2>\n<h3>Requ\u00eate<\/h3>\n<p>* Type : HTTP POST<br \/>\n* url : [clariprint host]\/optimproject\/json.wcl<br \/>\n* variables :<br \/>\n* login (Client Optimproject)<br \/>\n* password<br \/>\n* action : chaine de charatere<br \/>\n* datas : donnes au formant JSON<\/p>\n<h3>R\u00e9ponse<\/h3>\n<p>* format : Json encoded raw<\/p>\n<h2>Actions<\/h2>\n<h3>!CheckAuth<\/h3>\n<p>V\u00e9rification des donn\u00e9es d&rsquo;authentification voir : JsonApiCheckAuth<\/p>\n<h3>!QuoteRequest<\/h3>\n<p>Demande de prix<\/p>\n<pre>datas : \n{\n   clariprint_product: {\n       group:string \/\/ groupe de classement dans optimproject),\n       reference:string \/\/ reference du projet\n       labels:list[string] \/\/ liste des labels\n\/* liste des labels reconnus pour le papier\n\t\"RECYCLED\",\"FSC\",\"FSC_AUTO\",\"FSC_MIXED\",\"FSC_RECYCLED\",\n\t\"PEFC\",\"PEFC_70\",\"PEFC_RECYCLED\",\"PEFC_AUTO\",\n\t\"ECOLABEL\",\"BLUE_ANGEL\",\"NORDIC_SWAN\",\"APUR\",\"PAPER_BY_NATURE\",\n\t\"M1\"\n*\/\n       quantity:integer \/\/ quantit\u00e9 du produit\n  \n}\n<\/pre>\n<h1>Exemples produits<\/h1>\n<h2>Feuillet<\/h2>\n<pre>{\n\t\"clariprint_product\": {\n\t\t\"reference\": \"Feuillet simple\", \/\/ libre\n\t\t\"kind\": \"leaflet\",  \/\/ leaflet:\"feuillet\" \/\/ folded:\"d\u00e9pliant\" \/\/ book:\"brochure\" \/\/ cover:\"couverture\" \/\/ section:\"int\u00e9rieur de brochure\"\n\t\t\"quantity\": \"2000\", \/\/ libre obligatoire\n\t\t\"labels\":[\"PEFC\",\"M1\"], \/\/ labels du projet\n\t\n\t\/\/ uniquement si multi-mod\u00e8le de quantit\u00e9 identite, \"_assembed\" si les mod\u00e8les sont assembl\u00e9s\n\t\t\"models_qt_mode\": \"same_qt\", \/\/ ou \"same_qt_assembled\" \n\t\t\"models_qt\" : \"12\" \/\/ nombre de mod\u00e8les\n\n\t\/\/ uniquement si multi-mod\u00e8le de quantit\u00e9 diff\u00e9rentes\n\t\t\"models\": [  \t\t\t{\n\t\t\t\t\"reference\": \"Model 2\",\n\t\t\t\t\"quantity\": \"3000\"\n\t\t\t},\n\t\t\t{\n\t\t\t\t\"reference\": \"Model 3\",\n\t\t\t\t\"quantity\": \"1500\"\n\t\t\t}\n\n\t\t],\n\t\t\"size\": \"21x29.7:A4\", \/\/ lxh:commentaires  peut etre remplace par width: et height:\n                \"width\": \"21\",  \/\/ optionnel, soit size soit width + height\n                \"height\": \"29.7\", \/\/ optionnel\n\n\t\t\"with_bleeds\": \"1\", \/\/ 1 avec blanc tournant, 0 sans fonds perdus\n\t\t\"pms1\": { \/\/ optionnel, d\u00e9finition d'une teinte Pantone\n\t\t\t\"class\": \"PMS\", \/\/ PMS:Pantone std \/ Spot:Pantone fluo \/ Metal:Pantone m\u00e9tallique\n\t\t\t\"back\": \"1\", \/\/ 1 pr\u00e9sente au verso, 0 non pr\u00e9sente  \n\t\t\t\"front\": \"1\", \/\/ 1 pr\u00e9sente au recto, 0 non pr\u00e9sente\n                        \"code\": \"253\"\n\t\t},\n\t\t\"front_colors\": [\n\t\t\t\"4-color\"  \/\/\/ liste des encres : c\/m\/y\/b\/4-color\/quadri\/q\n\t\t],\n\t\t\"back_colors\": [\n\t\t\t\"4-color\"\n\t\t],\n\t\t\"finishing_front\": \"OFFSET_SATIN\", \/\/ liste des finitions\n\t\t\"finishing_back\": [                \/\/ exemple finition combin\u00e9e\n                        \"PELLIC_ACETATE_BRILLANT\",\n                        \"UVS_MAT_RESERVE\"\n                ],\n\t\t\"papers\": { \/\/ obligatoire\n\t\t\t\"custom\": { \/\/ \"of\" pour offset ou \"custom\"\n                                \"processes\": [ \/\/ optionnel liste des proc\u00e9d\u00e9s d'impression autoris\u00e9s, si absent sont actifs : of, n, ofuv, or\n                                   \"of\", \/\/ proc\u00e9d\u00e9 offset feuille\n                                   \"n\",  \/\/ proc\u00e9d\u00e9 num\u00e9rique\n                                   \"ofuv\", \/\/ proc\u00e9d\u00e9 offset UV\n                                   \"or\", \/\/ proc\u00e9d\u00e9 Offset Roto\n                                   \"h\"   \/\/ proc\u00e9d\u00e9 h\u00e9lio\n                                 ]\n\t\t\t\t\"quality\": \"Couch\u00e9 Brillant PEFC\", \/\/ texte exact de la qualit\u00e9 dans le r\u00e9f\u00e9rentiel\n\t\t\t\t\"weight\": \"250\", \/\/ grammage\n\t\t\t\t\"brand\": \"Condat Gloss\", \/\/ optionnel : texte exact de la marque dans le r\u00e9f\u00e9rentiel \n\t\t\t\t\"color\": \"blanc\" \/\/ optionnel : texte exact de la couleur dans le r\u00e9f\u00e9rentiel\n\t\t\t}\n\t\t},\n\t\t\/\/ param\u00e8tres de fa\u00e7onnage optionnel\n                \"creasing\": \"0\", \/\/ rainage, 0: pas de rainage, 1:rainage au mieux, 2:rainage sur typo impos\u00e9\n\t\t\"embossing_top\": \"\", \/\/ embossing = gaufrage\n\t\t\"embossing_left\": \"\",\n\t\t\"embossing_height\": \"\",\n\t\t\"embossing_width\": \"\",\n\t\t\"gilding\": \"\", \/\/ gilding = dorure\n\t\t\"gilding_side\": \"\", \n\t\t\"gilding_top\": \"\",\n\t\t\"gilding_left\": \"\",\n\t\t\"gilding_height\": \"\",\n\t\t\"gilding_width\": \"\",\n\t\t\"gilding3d\": \"\", \/\/ gilding3d = dorure 3D\n\t\t\"cutting_die_exists\": \"0\", \/\/ cutting_die = forme de d\u00e9coupe, 1:l'outil de forme existe, 0: il n'existe pas\n\t\t\"cutting_die\": \"0\", \/\/ 0 si pas de forme, si forme :id de forme de d\u00e9coupe, voir aide JsonFolderDie\n\t\t\"holes\": \"0\", \/\/ holes: trous, 0: pas de trous, 1 2 ou 4 trous classeurs\n\t\t\/\/ M\u00e9thode 1 pour renseigner 1 seul lot de conditionnement\n\t\t\/\/ utilisation des tags \"wrapping_0\", \"wrapping_1\", \"wrapping_2\", pour indiquer jusqu'\u00e0 3 emballages\n                \"wrapping_0\": { \n\t\t\t\"method\": \"shrink\", \/\/ shrink:mise sous film\n\/*\n\t\t\t\t\t{\"shrink\"  } MISE_SOUS_FILM,\n\t\t\t\t\t{\"cardboard\"  } MISE_EN_CARTON,\n\t\t\t\t\t{\"cardboardbox\"  } MISE_EN_POCHETTE_CARTON,\n\t\t\t\t\t{\"lostpallet\"  } MISE_EN_PALETTE,\n\t\t\t\t\t{\"halfpallet\"  } MISE_EN_DEMI_PALETTE,\n\t\t\t\t\t{\"boxpallet\"  } MISE_EN_BOX_PALETTE,\n\t\t\t\t\t{\"eupallet\"  } MISE_EN_PALETTE_EUROPE,\n\t\t\t\t\t{\"elasticband\"  } MISE_SOUS_ELASTIQUE,\n\t\t\t\t\t{\"kraft\"  } MISE_SOUS_PAPIER_KRAFT,\n\t\t\t\t\t{\"crosslink\"} MISE_SOUS_LIEN_CROISE,\n\t\t\t\t\t{\"roundtube\"} MISE_EN_TUBE_ROND,\n\t\t\t\t\t{\"squaretube\"} MISE_EN_TUBE_CARRE,\n\t\t\t\t\t{\"triangletube\"} MISE_EN_TUBE_TRIANGLE,\n\n*\/\n\n\n\t\t\t\"quantity\": \"1000\" \/\/ optionnel, si rien calcul au mieux\n\t\t\t\"etiket\" : \"1\" \/\/ vide si pas identifi\u00e9, \"1\" si identifi\u00e9\n\t\t},\n\t\t\"wrapping_1\": {\n\t\t\t\"method\": \"cardboard\", \/\/ cardboard: mise en carton\n\t\t\t\"quantity\": \"10\"\n\t\t},\n\t\t\"wrapping_2\": {\n\t\t\t\"method\": \"\",\n\t\t\t\"quantity\": \"\"\n\t\t},\n\n\t\t\/\/ M\u00e9thode 2 pour renseigner x lots de conditionnement\n\t\t\/\/ utilisation du tag \"wrapping\", pour encapsuler les lot\n\t\t\/\/ ex si dessous : 3 lots \n\t\t\t\/\/ lot 1 de 10000ex conditionn\u00e9 sous \u00e9lastique par 10ex puis en carton max 10kg puis sur palette perdue au mieux\n\t\t\t\/\/ lot 2 de 2000ex conditionn\u00e9 sous film par 20ex puis en carton max 12kg identifi\u00e9 par \u00e9tiquette\n\t\t\t\/\/ lot 3 de 1000ex conditionn\u00e9 en carton au mieux identifi\u00e9 par \u00e9tiquette\n\t\t\n\t\t\"wrapping\": \"e\/10-c\/10kg-pp:10000 f\/20-c\/12kg\/@:2000 c\/@:1000\"\n\t\t\n\/\/ Abr\u00e9viation des diff\u00e9rents emballages\n\/*\n\t\t\t{\"pp\"} MISE_EN_PALETTE,\n\t\t\t{\"pe\"} MISE_EN_PALETTE_EUROPE,\n\t\t\t{\"dp\"} MISE_EN_DEMI_PALETTE,\n\t\t\t{\"bp\"} MISE_EN_BOX_PALETTE,\n\t\t\t{\"f\"} MISE_SOUS_FILM,\n\t\t\t{\"c\"} MISE_EN_CARTON,\n\t\t\t{\"pc\"} MISE_EN_POCHETTE_CARTON,\n\t\t\t{\"pk\"} MISE_SOUS_PAPIER_KRAFT,\n\t\t\t{\"e\"} MISE_SOUS_ELASTIQUE,\n\t\t\t{\"lc\"} MISE_SOUS_LIEN_CROISE,\n\t\t\t{\"rt\"} MISE_EN_TUBE_ROND,\n\t\t\t{\"st\"} MISE_EN_TUBE_CARRE,\n\t\t\t{\"tt\"} MISE_EN_TUBE_TRIANGLE,\n\n*\/\n\n\t\t\/\/ deliveries : livraison,\n                \"deliveries\": {\n                      \/\/ 1 structure par point de livraison\n\t\t\t\"d55044\": { \/\/ texte libre\n\t\t\t\t\"iso\": \"FR-17\", \/\/ obligatoire : code iso de la zone (voir la liste dans Clariprint\/optimProcess\/Param\u00e9trage\/Zones g\u00e9o iso\n\t\t\t\t\"address\": \"\", \/\/ indicatif : champs libre\n\t\t\t\t\"quantity\": \"100\" \/\/ obligatoire : quantit\u00e9\n\t\t\t}\n\t\t},\n\t\t\"proofing\": \"soft\", \/\/ ne pas tenir compte\n\t\t\"discounts_group\": \"\" \/\/ ne pas tenir compte \n\t},\n\t\"clariprint_product_paper_iso\": \"\" \/\/ ne pas tenir compte\n}\n<\/pre>\n<h2>D\u00e9pliant<\/h2>\n<pre>{\n\t\"clariprint_product\": {\n\t\t\"reference\": \"depliant\",\n\t\t\"kind\": \"folded\",\n\t\t\"quantity\": \"3000\",\n\t\t\"size\": \"21x29,7\",\n\t\t\"with_bleeds\": \"\",\n\t\t\"folds\": \"2\", \/\/ !!! type de plis\n\t\t\"label\": \"\",\n\t\t\"papers\": {\n\t\t\t\"of\": {\n\t\t\t\t\"quality\": \"Offset Blanc\",\n\t\t\t\t\"weight\": \"100\",\n\t\t\t\t\"brand\": \"\",\n\t\t\t\t\"color\": \"BLANC\"\n\t\t\t}\n\t\t},\n\t\t\"front_colors\": [\n\t\t\t\"4color\"\n\t\t],\n\t\t\"finishing_front\": \"\",\n\t\t\"finishing_back\": \"\",\n\t\t\"creasing\": \"0\",\n\t\t\"embossing_top\": \"\",\n\t\t\"embossing_left\": \"\",\n\t\t\"embossing_height\": \"\",\n\t\t\"embossing_width\": \"\",\n\t\t\"gilding_top\": \"\",\n\t\t\"gilding_left\": \"\",\n\t\t\"gilding_height\": \"\",\n\t\t\"gilding_width\": \"\",\n\t\t\"gilding_material\": \"\",\n\t\t\"cutting_die_exists\": \"0\",\n\t\t\"cutting_die\": \"0\",\n\t\t\"holes\": \"1\",\n\t\t\"linear_perforating\": \"1\", \/\/ perfo lin\u00e9aire 0: pas de perfo, 1: perfo\n\t\t\"numbering\": \"1\", \/\/ num\u00e9rotation, 0: non, 1: oui\n\t\t\"wrapping_0\": {\n\t\t\t\"method\": \"\",\n\t\t\t\"quantity\": \"\"\n\t\t},\n\t\t\"wrapping_1\": {\n\t\t\t\"method\": \"\",\n\t\t\t\"quantity\": \"\"\n\t\t},\n\t\t\"wrapping_2\": {\n\t\t\t\"method\": \"\",\n\t\t\t\"quantity\": \"\"\n\t\t},\n\t\t\"deliveries\": [\n\t\t\t{\n\t\t\t\t\"iso\": \"\",\n\t\t\t\t\"address\": \"\",\n\t\t\t\t\"quantity\": \"\"\n\t\t\t}\n\t\t],\n\t\t\"proofing\": \"soft\",\n\t\t\"extra\": {\n\t\t\t\"justificative\": {\n\t\t\t\t\"mode\": \"\",\n\t\t\t\t\"delivery_cost\": \"\",\n\t\t\t\t\"invoice_cost\": \"\",\n\t\t\t\t\"other_cost\": \"\",\n\t\t\t\t\"address\": \"\"\n\t\t\t}\n\t\t},\n\t\t\"discounts_group\": \"\"\n\t}\n}\n<\/pre>\n<h2>Brochure simple<\/h2>\n<pre>{\n\t\"clariprint_product\": {\n\t\t\"reference\": \"\",\n\t\t\"kind\": \"book\",\n\t\t\"quantity\": \"2000\",\n\t\t\"size\": \"21x29\", \/\/ definition du format fini de la brochure\n\t\t\"binding\": \"Stitching3\", \/\/ binding: m\u00e9thode d'assemblage,\n                     \/\/ \"PerfectBinding\",\"DCC\" :  BrochageDosCarreColleItem(),\n                     \/\/ \"PerfectBindingPUR\",\"DCCPUR\" :  BrochageDosCarreColleItem(PUR?  = true),\n                     \/\/ \"SewnBinding\",\"DCCC\" :  BrochageDosCarreCousuItem(),\n                     \/\/ \"Stitching2\",\"PC\" :  PiqureChevalItem(nbPiqures = 2),\n                     \/\/ \"Stitching3\" :  PiqureChevalItem(nbPiqures = 3),\n                     \/\/ \"Stitching4\" :  PiqureChevalItem(nbPiqures = 4),\n                     \/\/ \"OpenEyesStitching2\",\"PB\" :  PiqureBoucletteItem(nbPiqures = 2),\n                     \/\/ \"OpenEyesStitching3\" :  PiqureBoucletteItem(nbPiqures = 3),\n                     \/\/ \"OpenEyesStitching4\" :  PiqureBoucletteItem(nbPiqures = 4),\n                     \/\/ \"WireO\",\"WO\" :  ReliureWireOItem(),\n                     \/\/ \"InlineStiching\",\"PL\" :  PiqureEnLigneItem(),\n                     \/\/ \"GluedOnFold\",\"CP\" :  CollageAuPliItem(),\n\n\t\t\"cover\": {\n\t\t\t\"label\": \"\", \/\/ optionnel\n\t\t\t\"papers\": {\n\t\t\t\t\"of\": {\n\t\t\t\t\t\"quality\": \"Couch\u00e9 Brillant PEFC\",\n\t\t\t\t\t\"weight\": \"300\",\n\t\t\t\t\t\"brand\": \"\",\n\t\t\t\t\t\"color\": \"\"\n\t\t\t\t}\n\t\t\t}\n\t\t},\n\t\t\"components\": {\n\t\t\t\"component_5490c092c962e\": { \/\/ nom libre\n\t\t\t\t\"kind\": \"section\",\n\t\t\t\t\"pages\": 64, \/\/ nombre de pages de la section\n\t\t\t\t\"size\" : \"override\", \/\/ optionnel : prend la dimension generale sinon on peut preciser une autre dimension ex 19x18\n\t\t\t\t\"papers\": {\n\t\t\t\t\t\"of\": {\n\t\t\t\t\t\t\"quality\": \"Offset Blanc\",\n\t\t\t\t\t\t\"weight\": \"100\",\n\t\t\t\t\t\t\"brand\": \"\",\n\t\t\t\t\t\t\"color\": \"\"\n\t\t\t\t\t}\n\t\t\t\t},\n\t\t\t\t\"front_colors\": [\n\t\t\t\t\t\"4color\"\n\t\t\t\t],\n\t\t\t\t\"back_colors\": [\n\t\t\t\t\t\"4color\"\n\t\t\t\t],\n\t\t\t}\n\t\t},\n\t\t\"deliveries\": [\n\t\t\t{\n\t\t\t\t\"iso\": \"FR-12\",\n\t\t\t\t\"address\": \"\",\n\t\t\t\t\"quantity\": \"2000\"\n\t\t\t}\n\t\t]\n\t}\n}\n\n<\/pre>\n<h2>Reponse<\/h2>\n<pre>\n{\n\"success\":true,\n\"action\":\"QuoteRequest\",\n\"total_process_duration\":30,\n\"delais\":1,\n\"weight\":7.371, \/\/ masse en kg\n\"html\":\"\",  \/\/ description html de la demande\n\"text\":\"\",  \/\/ description texte de la demande\n\"fournisseur\":\"\", \/\/ nom du fournisseur pour la meilleur gamme\n\"quote_process\":\"\",  \/\/ gamme en PDF en base 64 de la meilleur gamme\n\n\/\/ details des couts de la meilleur gamme\n\"costs\":{\n\t\"paper\":8.098834,\n\t\"print\":129.49,\n\t\"makeready\":37.36,\n\t\"packaging\":4.0,\n\t\"delivery\":0.0,\n\t\"total\":178.948834},\n\n\/\/ si multi-r\u00e9sultat\n\"multiresults\":true, \/\/ true si mode multir\u00e9sultat\n\"nb_results\":5, \/\/ nombre de r\u00e9sultat\n\"all_process\":[ \/\/ liste de structure comme suit\n\t\t{\n\t\t\t\"printer\":\"nom de l'imprimeur\",\n\t\t\t\"currency\":\"EUR\", \/\/ monnaie\n\t\t\t\"paper\":312.43, \/\/ cout papier\n\t\t\t\"print\":282.34, \/\/ cout d'impression\n\t\t\t\"mille_plus\":3.45, \/\/ cout du mille plus\n\t\t\t\"makeready\":0.0, \/\/ cout de changement de plaque ou calage \u00e0 la suite\n\t\t\t\"packaging\":23.0, \/\/ cout du conditionnement\n\t\t\t\"delivery\":45.0, \/\/ cout de la livraison\n\t\t\t\"total\":667,22, \/\/ cout total\n\t\t\t\"CSV\":\"...\" \/\/ d\u00e9tails de la gamme de fabrication en CSV voir la doc Gamme CSV ci-dessous\n\n\t\t}\n\t]\n\n\/\/ cout simplifi\u00e9\n\"response\":178\n}\n\n\n<\/pre>\n<h2>Documentation du CSV de la gamme de fabrication<\/h2>\n<p>Le format CSV gamme sur une ligne se pr\u00e9sente en \u00ab\u00a0pages\u00a0\u00bb de 10 cellules (ci-dessous num\u00e9rot\u00e9 C1 \u00e0 C10).<\/p>\n<p>La cellule C1 indique toujours le type de page cod\u00e9 sur 3 caract\u00e8res (001,002,022 etc) \u00ab\u00a0:\u00a0\u00bb le label associ\u00e9 au type de page.<\/p>\n<p>Ci-dessous la documentation pour chaque type de page.<\/p>\n<h3>Pages Informations g\u00e9n\u00e9rales du calcul<\/h3>\n<p>* C1 000:Resume du calcul<br \/>\n* C2 num projet<br \/>\n* C3 date simulation<br \/>\n* C4 nom imprimeur<br \/>\n* C5 monaie<br \/>\n* C6 fin de validit\u00e9<br \/>\n* C7 ref dossier<br \/>\n* C8 client<br \/>\n* C9 code client<br \/>\n* C10 resume condens\u00e9 (comme pour les statistiques)<\/p>\n<p>* C1 001:Resume des couts<br \/>\n* C2 total papier<br \/>\n* C3 total impression<br \/>\n* C4 total fa\u00e7onnage<br \/>\n* C5 total conditionnement<br \/>\n* C6 total livraison<br \/>\n* C7-10 libre<\/p>\n<h3>Pages de nomenclature des produits<\/h3>\n<p>* C1 002:Page de nomenclature de produit<br \/>\n* C2 composant 1<br \/>\n* C3 composant 2<br \/>\n* C4 composant 3<br \/>\n* &#8230;<br \/>\n* C10 composant 9<br \/>\n(x page(s) de nomenclature)<\/p>\n<h3>Pages de nomenclature des feuilles et bandes<\/h3>\n<p>* C1 003:Nomenclature d&rsquo;une feuille d&rsquo;impression<br \/>\n* C2 Reference interne<br \/>\n* C3 format utile d&rsquo;impression hxl<br \/>\n* C4 format maxi hxl<br \/>\n* C5 liste des composants impos\u00e9s<br \/>\n* C6 nombre de poses<br \/>\n* C7 option de bascule<br \/>\n* C8-10 libre<br \/>\n(autant de s\u00e9quences que de feuilles d&rsquo;impression)<\/p>\n<p>* C1 004:Nomenclature d&rsquo;une bobine<br \/>\n* C2 Reference interne<br \/>\n* C3 format utile laizexcoupe<br \/>\n* C4 format maxi laizeXcoupe<br \/>\n* C5 composants impos\u00e9s<br \/>\n* C6 nombre de poses<br \/>\n* C7-10 libre<br \/>\n(autant de s\u00e9quences que de bobine)<\/p>\n<h3>Page d&rsquo;appro papier (autant de pages que de lignes de commande)<\/h3>\n<p>* C1 005:Ligne de commande papier feuille<br \/>\n* C2 listes des references internes de feuille<br \/>\n* C3 fournisseur<br \/>\n* C4 marque : r\u00e9f\u00e9rence fournisseur (grammage)<br \/>\n* C5 hauteurXlargeur<br \/>\n* C6 nombre de feuilles utiles<br \/>\n* C7 nombre de feuilles command\u00e9es<br \/>\n* C8 tonnage pour papier sur fabrication ou nombre de conditionnement pour le stock<br \/>\n* C9 prix total<br \/>\n* C10 mille+<\/p>\n<p>* C1 006:Ligne de commande papier en bobine<br \/>\n* C2 listes de r\u00e9f\u00e9rences internes de bobine<br \/>\n* C3 fournisseur<br \/>\n* C4 marque : r\u00e9f\u00e9rence fournisseur<br \/>\n* C5 grammage<br \/>\n* C6 laize<br \/>\n* C7 nombre de bobines \/ tonnage utile<br \/>\n* C8 tonnage command\u00e9<br \/>\n* C9 prix total<br \/>\n* C10 mille+<\/p>\n<h3>Op\u00e9rations de livraison<\/h3>\n<p>* C1 010:Livraison<br \/>\n* C2 r\u00e9f\u00e9rence produit x quantit\u00e9<br \/>\n* C3 zone de destination<br \/>\n* C4 prestataire<br \/>\n* C5 poids transport\u00e9<br \/>\n* C6-8 libre<br \/>\n* C9 prix total<br \/>\n* C10 mille+<\/p>\n<h3>Op\u00e9rations de conditionnement<\/h3>\n<p>* C1 011:Conditionnement<br \/>\n* C2 r\u00e9f\u00e9rence produit x quantit\u00e9<br \/>\n* C3 prestataire<br \/>\n* C4 emballage 1<br \/>\n* C5 embalage 2<br \/>\n* C6 embalage 3<br \/>\n* C7-8 libre<br \/>\n* C9 prix total<br \/>\n* C10 mille+<\/p>\n<h3>Op\u00e9rations d&rsquo;assemblage<\/h3>\n<p>* C1 020:[prestataire]:[machine]:Operation d assemblage[:commentaires][:x2p sup si necessaire] \/ X passage(s)<br \/>\n* C2 liste des composants assemnbl\u00e9s<br \/>\n* C3 quantit\u00e9 en entr\u00e9e<br \/>\n* C4 quantit\u00e9 en sortie<br \/>\n* C5 calage<br \/>\n* C6 roule<br \/>\n* C7 transport sous traitance<br \/>\n* C8 remises<br \/>\n* C9 prix total<br \/>\n* C10 mille+<\/p>\n<h3>Op\u00e9rations de trou classeur<\/h3>\n<p>* C1 021:[prestataire]:[machine]:type d&rsquo;op\u00e9ration[:commentaires]<br \/>\n* C2 liste des feuilles en entr\u00e9es<br \/>\n* C3 quantit\u00e9 en entr\u00e9e<br \/>\n* C4 quantit\u00e9 en sortie<br \/>\n* C5 calage<br \/>\n* C6 roule<br \/>\n* C7 transport sous traitance<br \/>\n* C8 remises<br \/>\n* C9 prix total<br \/>\n* C10 mille+<\/p>\n<h3>Autres op\u00e9rations de fa\u00e7onnage<\/h3>\n<p>* C1 022:[prestataire]:[machine]:type d&rsquo;op\u00e9ration[:commentaires]<br \/>\n* C2 liste des feuilles en entr\u00e9es<br \/>\n* C3 quantit\u00e9 en entr\u00e9e<br \/>\n* C4 quantit\u00e9 en sortie<br \/>\n* C5 calage<br \/>\n* C6 roule<br \/>\n* C7 transport sous traitance<br \/>\n* C8 remises<br \/>\n* C9 prix total<br \/>\n* C10 mille+<\/p>\n<h3>Op\u00e9rations d&rsquo;impression<\/h3>\n<p>* C1 030:[prestataire]:[machine]:[nombre de plaque 1er calage + nombre de changement de plaques x nombre de plaques chang\u00e9es]:[nombre couleurs Recto\/nombre de couleurs chang\u00e9es]:[nombre couleurs Vecto\/nombre de couleurs chang\u00e9es]:[Vernis Recto]:[Vernis Verso]:[M\u00e9thode d&rsquo;impression][:commentaires]<br \/>\n* C2 liste des r\u00e9f\u00e9rences de feuilles ou bobines en entr\u00e9es<br \/>\n* C3 quantit\u00e9 en entr\u00e9e<br \/>\n* C4 quantit\u00e9 en sortie<br \/>\n* C5 calage<br \/>\n* C6 roule<br \/>\n* C7 transport sous traitance<br \/>\n* C8 remises<br \/>\n* C9 prix total<br \/>\n* C10 mille+<\/p>\n","protected":false},"excerpt":{"rendered":"<p>Listes utilis\u00e9es * [JsonVarnish Vernis] * [JsonFold Pliage] * [JsonFolderDie Formes de d\u00e9coupe] Structure d&rsquo;une requ\u00eate Requ\u00eate * Type : HTTP POST * url : [clariprint host]\/optimproject\/json.wcl * variables : * login (Client Optimproject) * password * action : chaine de charatere * datas : donnes au formant JSON R\u00e9ponse * format : Json encoded [&hellip;]<\/p>\n","protected":false},"author":1,"featured_media":0,"parent":0,"menu_order":0,"comment_status":"closed","ping_status":"closed","template":"","meta":{"_themeisle_gutenberg_block_has_review":false,"footnotes":""},"class_list":["post-14","page","type-page","status-publish","hentry"],"_links":{"self":[{"href":"https:\/\/doc.clariprint.fr\/index.php\/wp-json\/wp\/v2\/pages\/14","targetHints":{"allow":["GET"]}}],"collection":[{"href":"https:\/\/doc.clariprint.fr\/index.php\/wp-json\/wp\/v2\/pages"}],"about":[{"href":"https:\/\/doc.clariprint.fr\/index.php\/wp-json\/wp\/v2\/types\/page"}],"author":[{"embeddable":true,"href":"https:\/\/doc.clariprint.fr\/index.php\/wp-json\/wp\/v2\/users\/1"}],"replies":[{"embeddable":true,"href":"https:\/\/doc.clariprint.fr\/index.php\/wp-json\/wp\/v2\/comments?post=14"}],"version-history":[{"count":2,"href":"https:\/\/doc.clariprint.fr\/index.php\/wp-json\/wp\/v2\/pages\/14\/revisions"}],"predecessor-version":[{"id":17,"href":"https:\/\/doc.clariprint.fr\/index.php\/wp-json\/wp\/v2\/pages\/14\/revisions\/17"}],"wp:attachment":[{"href":"https:\/\/doc.clariprint.fr\/index.php\/wp-json\/wp\/v2\/media?parent=14"}],"curies":[{"name":"wp","href":"https:\/\/api.w.org\/{rel}","templated":true}]}}